{"id":11410,"date":"2025-06-14T17:45:02","date_gmt":"2025-06-14T17:45:02","guid":{"rendered":"https:\/\/valentinecarre-photographe.com\/?post_type=product&#038;p=11410"},"modified":"2025-06-14T17:47:26","modified_gmt":"2025-06-14T17:47:26","slug":"05erbalunga-corse","status":"publish","type":"product","link":"https:\/\/valentinecarre-photographe.com\/index.php\/produit\/05erbalunga-corse\/","title":{"rendered":"05 &#8211; Erbalunga, Cap Corse"},"content":{"rendered":"<p><em>Possibilit\u00e9 d&rsquo;acheter cette image au format carte postale, affiche A4 ou tirage d&rsquo;Art (papier fine Art)\u00a0<\/em><\/p>\n<p>\u2014<\/p>\n<ul>\n<li style=\"list-style-type: none;\">\n<ul>\n<li style=\"list-style-type: none;\">\n<ul>\n<li><strong>La carte postale<\/strong> est au format A6, soit 105 x 148 mm.<\/li>\n<\/ul>\n<\/li>\n<\/ul>\n<\/li>\n<\/ul>\n<p>Son grammage premium lui offre une \u00e9paisseur suppl\u00e9mentaire \u00e0 une carte postale classique (<strong>400g\/m\u00b2<\/strong>)<\/p>\n<p>La finition du papier est glac\u00e9 afin de donner un rendu plus brillant \u00e0 l&rsquo;image.<\/p>\n<p><em>Le prix d&rsquo;une carte postale est de 1,29\u20ac (hors frais de livraison).\u00a0<\/em><\/p>\n<p>\u2014<\/p>\n<ul>\n<li style=\"list-style-type: none;\">\n<ul>\n<li style=\"list-style-type: none;\">\n<ul>\n<li><strong>Le poster<\/strong> a une dimension de 30 x 20 mm.<\/li>\n<\/ul>\n<\/li>\n<\/ul>\n<\/li>\n<\/ul>\n<p>Il est imprim\u00e9 sur papier photo brillant et rend parfaitement hommage aux couleurs pr\u00e9sentes dans l&rsquo;image.<\/p>\n<p><em>Le prix d&rsquo;un poster est de 10,90 \u20ac (hors frais de livraison).\u00a0<\/em><\/p>\n<p>\u2014<\/p>\n<ul>\n<li style=\"list-style-type: none;\">\n<ul>\n<li style=\"list-style-type: none;\">\n<ul>\n<li><strong>Le tirage d&rsquo;art<\/strong> propos\u00e9 repose sur un papier FineArt exclusif de Hahnem\u00fchle<\/li>\n<\/ul>\n<\/li>\n<\/ul>\n<\/li>\n<\/ul>\n<p>Le papier Hahnem\u00fchle Photo Rag est un papier d&rsquo;une <strong>qualit\u00e9 mus\u00e9e<\/strong>, il offre\u00a0une r\u00e9sidence maximale au vieillissement.<\/p>\n<p><em>Le prix d&rsquo;un tirage d&rsquo;art au format 45 x 30 mm est de 39,90 \u20ac (hors frais de livraison).\u00a0<\/em><\/p>\n<p>308g\/m\u00b2, 100% coton, sa structure de feutre produit un tirage exceptionnel.<\/p>\n<p><em>\u2014 <\/em><\/p>\n<p><em>D&rsquo;autres formats sont possibles, sur demande, pour les posters et tirages d&rsquo;art.<\/em><\/p>\n<p>N&rsquo;h\u00e9sitez pas \u00e0 me contacter !<\/p>\n<p>Merci \u00e0 vous. \ud83d\ude42<\/p>\n","protected":false},"excerpt":{"rendered":"<h2><strong><em>SERIE : Les paysages de Corse\u00a0<\/em><\/strong><\/h2>\n<h1><em>05 : Erbalunga, Cap Corse<\/em><\/h1>\n","protected":false},"featured_media":11356,"comment_status":"open","ping_status":"closed","template":"","meta":{"ocean_post_layout":"full-width","ocean_both_sidebars_style":"","ocean_both_sidebars_content_width":0,"ocean_both_sidebars_sidebars_width":0,"ocean_sidebar":"footer-one","ocean_second_sidebar":"0","ocean_disable_margins":"enable","ocean_add_body_class":"","ocean_shortcode_before_top_bar":"","ocean_shortcode_after_top_bar":"","ocean_shortcode_before_header":"[oceanwp_library id=\"7217\"]","ocean_shortcode_after_header":"","ocean_has_shortcode":"","ocean_shortcode_after_title":"","ocean_shortcode_before_footer_widgets":"[oceanwp_library id=\"7230\"]","ocean_shortcode_after_footer_widgets":"","ocean_shortcode_before_footer_bottom":"","ocean_shortcode_after_footer_bottom":"","ocean_display_top_bar":"default","ocean_display_header":"on","ocean_header_style":"","ocean_center_header_left_menu":"0","ocean_custom_header_template":"0","ocean_custom_logo":0,"ocean_custom_retina_logo":0,"ocean_custom_logo_max_width":0,"ocean_custom_logo_tablet_max_width":0,"ocean_custom_logo_mobile_max_width":0,"ocean_custom_logo_max_height":0,"ocean_custom_logo_tablet_max_height":0,"ocean_custom_logo_mobile_max_height":0,"ocean_header_custom_menu":"24","ocean_menu_typo_font_family":"0","ocean_menu_typo_font_subset":"","ocean_menu_typo_font_size":0,"ocean_menu_typo_font_size_tablet":0,"ocean_menu_typo_font_size_mobile":0,"ocean_menu_typo_font_size_unit":"px","ocean_menu_typo_font_weight":"","ocean_menu_typo_font_weight_tablet":"","ocean_menu_typo_font_weight_mobile":"","ocean_menu_typo_transform":"","ocean_menu_typo_transform_tablet":"","ocean_menu_typo_transform_mobile":"","ocean_menu_typo_line_height":0,"ocean_menu_typo_line_height_tablet":0,"ocean_menu_typo_line_height_mobile":0,"ocean_menu_typo_line_height_unit":"","ocean_menu_typo_spacing":0,"ocean_menu_typo_spacing_tablet":0,"ocean_menu_typo_spacing_mobile":0,"ocean_menu_typo_spacing_unit":"","ocean_menu_link_color":"","ocean_menu_link_color_hover":"","ocean_menu_link_color_active":"","ocean_menu_link_background":"","ocean_menu_link_hover_background":"","ocean_menu_link_active_background":"","ocean_menu_social_links_bg":"","ocean_menu_social_hover_links_bg":"","ocean_menu_social_links_color":"","ocean_menu_social_hover_links_color":"","ocean_disable_title":"enable","ocean_disable_heading":"on","ocean_post_title":"","ocean_post_subheading":"","ocean_post_title_style":"centered-minimal","ocean_post_title_background_color":"","ocean_post_title_background":0,"ocean_post_title_bg_image_position":"","ocean_post_title_bg_image_attachment":"","ocean_post_title_bg_image_repeat":"","ocean_post_title_bg_image_size":"","ocean_post_title_height":0,"ocean_post_title_bg_overlay":0.5,"ocean_post_title_bg_overlay_color":"","ocean_disable_breadcrumbs":"off","ocean_breadcrumbs_color":"","ocean_breadcrumbs_separator_color":"","ocean_breadcrumbs_links_color":"","ocean_breadcrumbs_links_hover_color":"","ocean_display_footer_widgets":"on","ocean_display_footer_bottom":"on","ocean_custom_footer_template":"478"},"product_brand":[],"product_cat":[53],"product_tag":[145,143,93,144,95,80,91,96],"class_list":{"0":"post-11410","1":"product","2":"type-product","3":"status-publish","4":"has-post-thumbnail","6":"product_cat-paysages","7":"product_tag-ajaccio","8":"product_tag-ile-de-beaute","9":"product_tag-iles-sanguinaires","10":"product_tag-la-corse-en-photo","11":"product_tag-paysages-de-corse","12":"product_tag-photo-nature-corse","13":"product_tag-photographe-en-corse","14":"product_tag-photographe-nature-en-corse","16":"entry","17":"has-media","19":"first","20":"instock","21":"shipping-taxable","22":"purchasable","23":"product-type-variable","24":"has-product-nav","25":"col","26":"span_1_of_2","27":"owp-content-center","28":"item-entry","29":"owp-thumbs-layout-vertical","30":"owp-btn-big","31":"owp-tabs-layout-horizontal","32":"has-no-thumbnails","34":"circle-sale"},"_links":{"self":[{"href":"https:\/\/valentinecarre-photographe.com\/index.php\/wp-json\/wp\/v2\/product\/11410","targetHints":{"allow":["GET"]}}],"collection":[{"href":"https:\/\/valentinecarre-photographe.com\/index.php\/wp-json\/wp\/v2\/product"}],"about":[{"href":"https:\/\/valentinecarre-photographe.com\/index.php\/wp-json\/wp\/v2\/types\/product"}],"replies":[{"embeddable":true,"href":"https:\/\/valentinecarre-photographe.com\/index.php\/wp-json\/wp\/v2\/comments?post=11410"}],"wp:featuredmedia":[{"embeddable":true,"href":"https:\/\/valentinecarre-photographe.com\/index.php\/wp-json\/wp\/v2\/media\/11356"}],"wp:attachment":[{"href":"https:\/\/valentinecarre-photographe.com\/index.php\/wp-json\/wp\/v2\/media?parent=11410"}],"wp:term":[{"taxonomy":"product_brand","embeddable":true,"href":"https:\/\/valentinecarre-photographe.com\/index.php\/wp-json\/wp\/v2\/product_brand?post=11410"},{"taxonomy":"product_cat","embeddable":true,"href":"https:\/\/valentinecarre-photographe.com\/index.php\/wp-json\/wp\/v2\/product_cat?post=11410"},{"taxonomy":"product_tag","embeddable":true,"href":"https:\/\/valentinecarre-photographe.com\/index.php\/wp-json\/wp\/v2\/product_tag?post=11410"}],"curies":[{"name":"wp","href":"https:\/\/api.w.org\/{rel}","templated":true}]}}